{"id":20,"date":"2020-08-11T03:09:47","date_gmt":"2020-08-11T03:09:47","guid":{"rendered":"https:\/\/www.topolniak.com.br\/?page_id=20"},"modified":"2020-08-11T03:21:48","modified_gmt":"2020-08-11T03:21:48","slug":"sobre","status":"publish","type":"page","link":"https:\/\/www.topolniak.com.br\/index.php\/sobre\/","title":{"rendered":"Sobre Mim"},"content":{"rendered":"\n<p>Sou Luciano Topolniak, um sobrevivente, um her\u00f3i sem medalhas, batalhador e teimoso, com grande dificuldade para desistir das coisas.<\/p>\n\n\n\n<p><img loading=\"lazy\" decoding=\"async\" width=\"150\" height=\"189\" class=\"wp-image-49\" style=\"width: 150px;\" src=\"https:\/\/www.topolniak.com.br\/wp-content\/uploads\/2020\/08\/Topolniak-e1597116085808.jpg\" alt=\"\" srcset=\"https:\/\/www.topolniak.com.br\/wp-content\/uploads\/2020\/08\/Topolniak-e1597116085808.jpg 335w, https:\/\/www.topolniak.com.br\/wp-content\/uploads\/2020\/08\/Topolniak-e1597116085808-238x300.jpg 238w\" sizes=\"auto, (max-width: 150px) 100vw, 150px\" \/><br>Possuo gradua\u00e7\u00e3o em Sistemas de Informa\u00e7\u00e3o pelo Centro Universit\u00e1rio Luterano de Ji-Paran\u00e1 (2003). Alguns anos de experi\u00eancia na \u00e1rea de desenvolvimento de sistemas, com conhecimentos das linguagens Delphi, PHP. Sete anos trabalhando com a ferramenta Genexus (Genexus 9, Rocha, Evolution I, Evolution II e Genexus Tilo). Cinco anos trabalhando como professor de cursos superiores em Computa\u00e7\u00e3o, ministrando as disciplinas de: L\u00f3gica de Programa\u00e7\u00e3o &#8211; Algoritmos, Algoritmos e Estruturas de Dados, Estruturas de Dados II, Linguagem e T\u00e9cnicas de Programa\u00e7\u00e3o I, Princ\u00edpios do Hardware, Inform\u00e1tica e Sociedade, Linguagem Comercial I, Banco de Dados I, Banco de Dados II, Princ\u00edpios de Banco de Dados, Laborat\u00f3rio de Banco de Dados I e II. Professor em cursos de P\u00f3s-Gradua\u00e7\u00e3o. Atualmente \u00e9 professor de ensino b\u00e1sico, t\u00e9cnico e tecnol\u00f3gico no Instituto Federal de Educa\u00e7\u00e3o, Ci\u00eancia e Tecnologia de Rond\u00f4nia &#8211; Campus Ariquemes, a partir de junho de 2013.<\/p>\n\n\n\n<p><\/p>\n\n\n\n<p><\/p>\n","protected":false},"excerpt":{"rendered":"<p>Sou Luciano Topolniak, um sobrevivente, um her\u00f3i sem medalhas, batalhador e teimoso, com grande dificuldade para desistir das coisas. Possuo gradua\u00e7\u00e3o em Sistemas de Informa\u00e7\u00e3o pelo Centro Universit\u00e1rio Luterano de Ji-Paran\u00e1 (2003). Alguns anos de experi\u00eancia na \u00e1rea de desenvolvimento de sistemas, com conhecimentos das linguagens Delphi, PHP. Sete anos trabalhando com a ferramenta Genexus [&hellip;]<\/p>\n","protected":false},"author":1,"featured_media":0,"parent":0,"menu_order":0,"comment_status":"closed","ping_status":"closed","template":"","meta":{"footnotes":""},"class_list":["post-20","page","type-page","status-publish","hentry"],"yoast_head":"<!-- This site is optimized with the Yoast SEO plugin v27.0 - https:\/\/yoast.com\/product\/yoast-seo-wordpress\/ -->\r\n<title>Sobre Mim - Topolniak<\/title>\r\n<meta name=\"robots\" content=\"index, follow, max-snippet:-1, max-image-preview:large, max-video-preview:-1\" \/>\r\n<link rel=\"canonical\" href=\"https:\/\/www.topolniak.com.br\/index.php\/sobre\/\" \/>\r\n<meta property=\"og:locale\" content=\"pt_BR\" \/>\r\n<meta property=\"og:type\" content=\"article\" \/>\r\n<meta property=\"og:title\" content=\"Sobre Mim - Topolniak\" \/>\r\n<meta property=\"og:description\" content=\"Sou Luciano Topolniak, um sobrevivente, um her\u00f3i sem medalhas, batalhador e teimoso, com grande dificuldade para desistir das coisas. Possuo gradua\u00e7\u00e3o em Sistemas de Informa\u00e7\u00e3o pelo Centro Universit\u00e1rio Luterano de Ji-Paran\u00e1 (2003). Alguns anos de experi\u00eancia na \u00e1rea de desenvolvimento de sistemas, com conhecimentos das linguagens Delphi, PHP. Sete anos trabalhando com a ferramenta Genexus [&hellip;]\" \/>\r\n<meta property=\"og:url\" content=\"https:\/\/www.topolniak.com.br\/index.php\/sobre\/\" \/>\r\n<meta property=\"og:site_name\" content=\"Topolniak\" \/>\r\n<meta property=\"article:modified_time\" content=\"2020-08-11T03:21:48+00:00\" \/>\r\n<meta property=\"og:image\" content=\"https:\/\/www.topolniak.com.br\/wp-content\/uploads\/2020\/08\/Topolniak-e1597116085808.jpg\" \/>\r\n<meta name=\"twitter:card\" content=\"summary_large_image\" \/>\r\n<meta name=\"twitter:label1\" content=\"Est. tempo de leitura\" \/>\n\t<meta name=\"twitter:data1\" content=\"1 minuto\" \/>\r\n<script type=\"application\/ld+json\" class=\"yoast-schema-graph\">{\"@context\":\"https:\/\/schema.org\",\"@graph\":[{\"@type\":\"WebPage\",\"@id\":\"https:\/\/www.topolniak.com.br\/index.php\/sobre\/\",\"url\":\"https:\/\/www.topolniak.com.br\/index.php\/sobre\/\",\"name\":\"Sobre Mim - Topolniak\",\"isPartOf\":{\"@id\":\"https:\/\/www.topolniak.com.br\/#website\"},\"primaryImageOfPage\":{\"@id\":\"https:\/\/www.topolniak.com.br\/index.php\/sobre\/#primaryimage\"},\"image\":{\"@id\":\"https:\/\/www.topolniak.com.br\/index.php\/sobre\/#primaryimage\"},\"thumbnailUrl\":\"https:\/\/www.topolniak.com.br\/wp-content\/uploads\/2020\/08\/Topolniak-e1597116085808.jpg\",\"datePublished\":\"2020-08-11T03:09:47+00:00\",\"dateModified\":\"2020-08-11T03:21:48+00:00\",\"breadcrumb\":{\"@id\":\"https:\/\/www.topolniak.com.br\/index.php\/sobre\/#breadcrumb\"},\"inLanguage\":\"pt-BR\",\"potentialAction\":[{\"@type\":\"ReadAction\",\"target\":[\"https:\/\/www.topolniak.com.br\/index.php\/sobre\/\"]}]},{\"@type\":\"ImageObject\",\"inLanguage\":\"pt-BR\",\"@id\":\"https:\/\/www.topolniak.com.br\/index.php\/sobre\/#primaryimage\",\"url\":\"https:\/\/www.topolniak.com.br\/wp-content\/uploads\/2020\/08\/Topolniak-e1597116085808.jpg\",\"contentUrl\":\"https:\/\/www.topolniak.com.br\/wp-content\/uploads\/2020\/08\/Topolniak-e1597116085808.jpg\",\"width\":335,\"height\":422},{\"@type\":\"BreadcrumbList\",\"@id\":\"https:\/\/www.topolniak.com.br\/index.php\/sobre\/#breadcrumb\",\"itemListElement\":[{\"@type\":\"ListItem\",\"position\":1,\"name\":\"Home\",\"item\":\"https:\/\/www.topolniak.com.br\/\"},{\"@type\":\"ListItem\",\"position\":2,\"name\":\"Sobre Mim\"}]},{\"@type\":\"WebSite\",\"@id\":\"https:\/\/www.topolniak.com.br\/#website\",\"url\":\"https:\/\/www.topolniak.com.br\/\",\"name\":\"Topolniak\",\"description\":\"Um local pra falar das lutas...se der coragem.\",\"potentialAction\":[{\"@type\":\"SearchAction\",\"target\":{\"@type\":\"EntryPoint\",\"urlTemplate\":\"https:\/\/www.topolniak.com.br\/?s={search_term_string}\"},\"query-input\":{\"@type\":\"PropertyValueSpecification\",\"valueRequired\":true,\"valueName\":\"search_term_string\"}}],\"inLanguage\":\"pt-BR\"}]}<\/script>\r\n<!-- \/ Yoast SEO plugin. -->","yoast_head_json":{"title":"Sobre Mim - Topolniak","robots":{"index":"index","follow":"follow","max-snippet":"max-snippet:-1","max-image-preview":"max-image-preview:large","max-video-preview":"max-video-preview:-1"},"canonical":"https:\/\/www.topolniak.com.br\/index.php\/sobre\/","og_locale":"pt_BR","og_type":"article","og_title":"Sobre Mim - Topolniak","og_description":"Sou Luciano Topolniak, um sobrevivente, um her\u00f3i sem medalhas, batalhador e teimoso, com grande dificuldade para desistir das coisas. Possuo gradua\u00e7\u00e3o em Sistemas de Informa\u00e7\u00e3o pelo Centro Universit\u00e1rio Luterano de Ji-Paran\u00e1 (2003). Alguns anos de experi\u00eancia na \u00e1rea de desenvolvimento de sistemas, com conhecimentos das linguagens Delphi, PHP. Sete anos trabalhando com a ferramenta Genexus [&hellip;]","og_url":"https:\/\/www.topolniak.com.br\/index.php\/sobre\/","og_site_name":"Topolniak","article_modified_time":"2020-08-11T03:21:48+00:00","og_image":[{"url":"https:\/\/www.topolniak.com.br\/wp-content\/uploads\/2020\/08\/Topolniak-e1597116085808.jpg","type":"","width":"","height":""}],"twitter_card":"summary_large_image","twitter_misc":{"Est. tempo de leitura":"1 minuto"},"schema":{"@context":"https:\/\/schema.org","@graph":[{"@type":"WebPage","@id":"https:\/\/www.topolniak.com.br\/index.php\/sobre\/","url":"https:\/\/www.topolniak.com.br\/index.php\/sobre\/","name":"Sobre Mim - Topolniak","isPartOf":{"@id":"https:\/\/www.topolniak.com.br\/#website"},"primaryImageOfPage":{"@id":"https:\/\/www.topolniak.com.br\/index.php\/sobre\/#primaryimage"},"image":{"@id":"https:\/\/www.topolniak.com.br\/index.php\/sobre\/#primaryimage"},"thumbnailUrl":"https:\/\/www.topolniak.com.br\/wp-content\/uploads\/2020\/08\/Topolniak-e1597116085808.jpg","datePublished":"2020-08-11T03:09:47+00:00","dateModified":"2020-08-11T03:21:48+00:00","breadcrumb":{"@id":"https:\/\/www.topolniak.com.br\/index.php\/sobre\/#breadcrumb"},"inLanguage":"pt-BR","potentialAction":[{"@type":"ReadAction","target":["https:\/\/www.topolniak.com.br\/index.php\/sobre\/"]}]},{"@type":"ImageObject","inLanguage":"pt-BR","@id":"https:\/\/www.topolniak.com.br\/index.php\/sobre\/#primaryimage","url":"https:\/\/www.topolniak.com.br\/wp-content\/uploads\/2020\/08\/Topolniak-e1597116085808.jpg","contentUrl":"https:\/\/www.topolniak.com.br\/wp-content\/uploads\/2020\/08\/Topolniak-e1597116085808.jpg","width":335,"height":422},{"@type":"BreadcrumbList","@id":"https:\/\/www.topolniak.com.br\/index.php\/sobre\/#breadcrumb","itemListElement":[{"@type":"ListItem","position":1,"name":"Home","item":"https:\/\/www.topolniak.com.br\/"},{"@type":"ListItem","position":2,"name":"Sobre Mim"}]},{"@type":"WebSite","@id":"https:\/\/www.topolniak.com.br\/#website","url":"https:\/\/www.topolniak.com.br\/","name":"Topolniak","description":"Um local pra falar das lutas...se der coragem.","potentialAction":[{"@type":"SearchAction","target":{"@type":"EntryPoint","urlTemplate":"https:\/\/www.topolniak.com.br\/?s={search_term_string}"},"query-input":{"@type":"PropertyValueSpecification","valueRequired":true,"valueName":"search_term_string"}}],"inLanguage":"pt-BR"}]}},"_links":{"self":[{"href":"https:\/\/www.topolniak.com.br\/index.php\/wp-json\/wp\/v2\/pages\/20","targetHints":{"allow":["GET"]}}],"collection":[{"href":"https:\/\/www.topolniak.com.br\/index.php\/wp-json\/wp\/v2\/pages"}],"about":[{"href":"https:\/\/www.topolniak.com.br\/index.php\/wp-json\/wp\/v2\/types\/page"}],"author":[{"embeddable":true,"href":"https:\/\/www.topolniak.com.br\/index.php\/wp-json\/wp\/v2\/users\/1"}],"replies":[{"embeddable":true,"href":"https:\/\/www.topolniak.com.br\/index.php\/wp-json\/wp\/v2\/comments?post=20"}],"version-history":[{"count":4,"href":"https:\/\/www.topolniak.com.br\/index.php\/wp-json\/wp\/v2\/pages\/20\/revisions"}],"predecessor-version":[{"id":51,"href":"https:\/\/www.topolniak.com.br\/index.php\/wp-json\/wp\/v2\/pages\/20\/revisions\/51"}],"wp:attachment":[{"href":"https:\/\/www.topolniak.com.br\/index.php\/wp-json\/wp\/v2\/media?parent=20"}],"curies":[{"name":"wp","href":"https:\/\/api.w.org\/{rel}","templated":true}]}}